{"id":202,"date":"2025-03-25T12:50:44","date_gmt":"2025-03-25T12:50:44","guid":{"rendered":"https:\/\/tinyhouse.evaplace.pt\/?post_type=product&#038;p=202"},"modified":"2025-06-11T08:53:07","modified_gmt":"2025-06-11T08:53:07","slug":"tiny-house-luxa","status":"publish","type":"product","link":"https:\/\/evatinyhouse.com\/fr\/produto\/tiny-house-luxa\/","title":{"rendered":"Tiny House Luxa Model"},"content":{"rendered":"<p data-start=\"0\" data-end=\"27\"><strong data-start=\"0\" data-end=\"25\"><span style=\"vertical-align: inherit;\"><span style=\"vertical-align: inherit;\">Maison minuscule mod\u00e8le Luxa<\/span><\/span><\/strong><\/p>\n<p data-start=\"29\" data-end=\"375\"><span style=\"vertical-align: inherit;\"><span style=\"vertical-align: inherit;\">O <\/span><\/span><strong data-start=\"33\" data-end=\"47\"><span style=\"vertical-align: inherit;\"><span style=\"vertical-align: inherit;\">Mod\u00e8le Luxa<\/span><\/span><\/strong><span style=\"vertical-align: inherit;\"><span style=\"vertical-align: inherit;\"> est une petite maison con\u00e7ue pour se rapprocher de la nature, tout en offrant un confort et un style modernes. Son ext\u00e9rieur pr\u00e9sente <\/span><\/span><strong data-start=\"187\" data-end=\"214\"><span style=\"vertical-align: inherit;\"><span style=\"vertical-align: inherit;\">\u00e9l\u00e9gants acabamentos em madeira<\/span><\/span><\/strong><span style=\"vertical-align: inherit;\"><span style=\"vertical-align: inherit;\"> que se integram perfeitamente \u00e0 natureza, e <\/span><\/span><strong data-start=\"268\" data-end=\"292\"><span style=\"vertical-align: inherit;\"><span style=\"vertical-align: inherit;\">grandes ouvertures de vidro<\/span><\/span><\/strong><span style=\"vertical-align: inherit;\"><span style=\"vertical-align: inherit;\"> qui inondent l'int\u00e9rieur d'une lumi\u00e8re naturelle et offrent des vues larges sur l'ext\u00e9rieur.<\/span><\/span><\/p>\n<p data-start=\"377\" data-end=\"727\"><span style=\"vertical-align: inherit;\"><span style=\"vertical-align: inherit;\">Entre e descubra uma <\/span><\/span><strong data-start=\"403\" data-end=\"432\"><span style=\"vertical-align: inherit;\"><span style=\"vertical-align: inherit;\">une ambiance chaleureuse et conviviale<\/span><\/span><\/strong><span style=\"vertical-align: inherit;\"><span style=\"vertical-align: inherit;\"> Les lignes \u00e9pur\u00e9es et les d\u00e9tails minimalistes mettent en valeur les textures naturelles du mad\u00e8re, cr\u00e9ant ainsi un espace aconchegante et sofisticado. Les luminaires de table ne se contentent pas d'\u00e9clairer chaque pi\u00e8ce, ils \u00e9tablissent \u00e9galement un lien entre l'int\u00e9rieur et l'ext\u00e9rieur, ce qui permet \u00e0 chacun de rester connect\u00e9 \u00e0 l'environnement tout au long de la journ\u00e9e.<\/span><\/span><\/p>\n<p data-start=\"729\" data-end=\"746\"><span style=\"vertical-align: inherit;\"><span style=\"vertical-align: inherit;\">Principais destaques :<\/span><\/span><\/p>\n<ul data-start=\"747\" data-end=\"1214\">\n<li data-start=\"747\" data-end=\"849\">\n<p data-start=\"749\" data-end=\"849\"><strong data-start=\"749\" data-end=\"776\"><span style=\"vertical-align: inherit;\"><span style=\"vertical-align: inherit;\">Des appartements \u00e9l\u00e9gants en Mad\u00e8re<\/span><\/span><\/strong><span style=\"vertical-align: inherit;\"><span style=\"vertical-align: inherit;\"> : revestimento de madeira premium em paredes e tetos para uma sensa\u00e7\u00e3o acolhedora e org\u00e2nica.<\/span><\/span><\/p>\n<\/li>\n<li data-start=\"747\" data-end=\"849\"><strong data-start=\"848\" data-end=\"878\"><span style=\"vertical-align: inherit;\"><span style=\"vertical-align: inherit;\">Design m\u00f3vel (sobre rodas) :<\/span><\/span><\/strong><span style=\"vertical-align: inherit;\"><span style=\"vertical-align: inherit;\"> construit en forme de disque pour un transport facile et un positionnement flexible.<\/span><\/span><\/li>\n<li data-start=\"850\" data-end=\"956\">\n<p data-start=\"852\" data-end=\"956\"><strong data-start=\"852\" data-end=\"876\"><span style=\"vertical-align: inherit;\"><span style=\"vertical-align: inherit;\">Grandes tablettes de vidro<\/span><\/span><\/strong><span style=\"vertical-align: inherit;\"><span style=\"vertical-align: inherit;\"> : janelas generosas em v\u00e1rios lados convidam \u00e0 luz natural e vistas panor\u00e2micas.<\/span><\/span><\/p>\n<\/li>\n<li data-start=\"957\" data-end=\"1088\">\n<p data-start=\"959\" data-end=\"1088\"><strong data-start=\"959\" data-end=\"979\"><span style=\"vertical-align: inherit;\"><span style=\"vertical-align: inherit;\">L'esth\u00e9tique moderne<\/span><\/span><\/strong><span style=\"vertical-align: inherit;\"><span style=\"vertical-align: inherit;\"> : une palette de design minimaliste avec des tons neutres permet de conserver un espace sobre, \u00e9l\u00e9gant et sans fioritures.<\/span><\/span><\/p>\n<\/li>\n<li data-start=\"1089\" data-end=\"1214\">\n<p data-start=\"1091\" data-end=\"1214\"><strong data-start=\"1091\" data-end=\"1115\"><span style=\"vertical-align: inherit;\"><span style=\"vertical-align: inherit;\">Connexion avec la nature<\/span><\/span><\/strong><span style=\"vertical-align: inherit;\"><span style=\"vertical-align: inherit;\"> Les objets et les \u00e9l\u00e9ments en bois de madrier soigneusement plac\u00e9s cr\u00e9ent un environnement envo\u00fbtant et centr\u00e9 sur la nature.<\/span><\/span><\/p>\n<\/li>\n<\/ul>\n<p data-start=\"1216\" data-end=\"1403\" data-is-last-node=\"\" data-is-only-node=\"\"><span style=\"vertical-align: inherit;\"><span style=\"vertical-align: inherit;\">Parfait comme r\u00e9sidence tout au long de l'ann\u00e9e, comme refuge de fin de semaine ou comme maison de vacances, le mod\u00e8le Luxa est \u00e9quilibr\u00e9. <\/span><\/span><strong data-start=\"1308\" data-end=\"1361\"><span style=\"vertical-align: inherit;\"><span style=\"vertical-align: inherit;\">confort, esth\u00e9tique et forte connexion avec la nature<\/span><\/span><\/strong><span style=\"vertical-align: inherit;\"><span style=\"vertical-align: inherit;\"> le tout dans un espace compact et moderne.<\/span><\/span><\/p>\n<p><script src=\"chrome-extension:\/\/bincmiainjofjnhchmcalkanjebghoen\/aiscripts\/script-main.js\"><\/script><\/p>\n<p><script src=\"chrome-extension:\/\/bincmiainjofjnhchmcalkanjebghoen\/aiscripts\/script-main.js\"><\/script><\/p>\n<p><script src=\"chrome-extension:\/\/bincmiainjofjnhchmcalkanjebghoen\/aiscripts\/script-main.js\"><\/script><\/p>\n<p><script src=\"chrome-extension:\/\/bincmiainjofjnhchmcalkanjebghoen\/aiscripts\/script-main.js\"><\/script><\/p>","protected":false},"excerpt":{"rendered":"<p><strong data-start=\"0\" data-end=\"26\" data-is-only-node=\"\"><span style=\"vertical-align: inherit;\"><span style=\"vertical-align: inherit;\">Luxa Model Tiny House :<\/span><\/span><\/strong><span style=\"vertical-align: inherit;\"><span style=\"vertical-align: inherit;\"> Une maison moderne sur pilotis, avec d'\u00e9l\u00e9gants meubles en madriers et de grandes fen\u00eatres en bois qui \u00e9clairent l'int\u00e9rieur d'une lumi\u00e8re naturelle, offrant un confort moderne et une parfaite harmonie avec la nature.<\/span><\/span><\/p>\n<p><span style=\"vertical-align: inherit;\"><span style=\"vertical-align: inherit;\">CONSULTEZ NOTRE GUIDE AVANT D'ACHETER<\/span><\/span><\/p>\n<div id=\"gtx-trans\" style=\"position: absolute; left: -7px; top: -10px;\">\n<div class=\"gtx-trans-icon\"><\/div>\n<\/div>\n<p><script src=\"chrome-extension:\/\/bincmiainjofjnhchmcalkanjebghoen\/aiscripts\/script-main.js\"><\/script><\/p>\n<p><script src=\"chrome-extension:\/\/bincmiainjofjnhchmcalkanjebghoen\/aiscripts\/script-main.js\"><\/script><\/p>\n<div id=\"ag-1749226039672\"><\/div>\n<p><script src=\"chrome-extension:\/\/bincmiainjofjnhchmcalkanjebghoen\/aiscripts\/script-main.js\"><\/script><\/p>\n<div id=\"ag-1749229679967\"><\/div>","protected":false},"featured_media":1443,"template":"","meta":{"_acf_changed":false},"product_brand":[],"product_cat":[15],"product_tag":[],"class_list":{"0":"post-202","1":"product","2":"type-product","3":"status-publish","4":"has-post-thumbnail","6":"product_cat-sem-categoria","8":"first","9":"instock","10":"shipping-taxable","11":"purchasable","12":"product-type-simple"},"acf":[],"_links":{"self":[{"href":"https:\/\/evatinyhouse.com\/fr\/wp-json\/wp\/v2\/product\/202","targetHints":{"allow":["GET"]}}],"collection":[{"href":"https:\/\/evatinyhouse.com\/fr\/wp-json\/wp\/v2\/product"}],"about":[{"href":"https:\/\/evatinyhouse.com\/fr\/wp-json\/wp\/v2\/types\/product"}],"wp:featuredmedia":[{"embeddable":true,"href":"https:\/\/evatinyhouse.com\/fr\/wp-json\/wp\/v2\/media\/1443"}],"wp:attachment":[{"href":"https:\/\/evatinyhouse.com\/fr\/wp-json\/wp\/v2\/media?parent=202"}],"wp:term":[{"taxonomy":"product_brand","embeddable":true,"href":"https:\/\/evatinyhouse.com\/fr\/wp-json\/wp\/v2\/product_brand?post=202"},{"taxonomy":"product_cat","embeddable":true,"href":"https:\/\/evatinyhouse.com\/fr\/wp-json\/wp\/v2\/product_cat?post=202"},{"taxonomy":"product_tag","embeddable":true,"href":"https:\/\/evatinyhouse.com\/fr\/wp-json\/wp\/v2\/product_tag?post=202"}],"curies":[{"name":"wp","href":"https:\/\/api.w.org\/{rel}","templated":true}]}}