{"id":202,"date":"2025-03-25T12:50:44","date_gmt":"2025-03-25T12:50:44","guid":{"rendered":"https:\/\/tinyhouse.evaplace.pt\/?post_type=product&#038;p=202"},"modified":"2025-06-11T08:53:07","modified_gmt":"2025-06-11T08:53:07","slug":"tiny-house-luxa","status":"publish","type":"product","link":"https:\/\/evatinyhouse.com\/es\/producto-2\/tiny-house-luxa\/","title":{"rendered":"Tiny House Modelo Luxa"},"content":{"rendered":"<p data-start=\"0\" data-end=\"27\"><strong data-start=\"0\" data-end=\"25\"><span style=\"vertical-align: inherit;\"><span style=\"vertical-align: inherit;\">Casa min\u00fascula modelo Luxa<\/span><\/span><\/strong><\/p>\n<p data-start=\"29\" data-end=\"375\"><span style=\"vertical-align: inherit;\"><span style=\"vertical-align: inherit;\">O <\/span><\/span><strong data-start=\"33\" data-end=\"47\"><span style=\"vertical-align: inherit;\"><span style=\"vertical-align: inherit;\">Modelo Luxa<\/span><\/span><\/strong><span style=\"vertical-align: inherit;\"><span style=\"vertical-align: inherit;\"> es una minicasa lindamente proyectada para acercarse a la naturaleza, proporcionando confort y estilo moderno. Su exterior presenta <\/span><\/span><strong data-start=\"187\" data-end=\"214\"><span style=\"vertical-align: inherit;\"><span style=\"vertical-align: inherit;\">elegantes acabados en madeira<\/span><\/span><\/strong><span style=\"vertical-align: inherit;\"><span style=\"vertical-align: inherit;\"> que se integran perfectamente en la naturaleza, y <\/span><\/span><strong data-start=\"268\" data-end=\"292\"><span style=\"vertical-align: inherit;\"><span style=\"vertical-align: inherit;\">large glass openings<\/span><\/span><\/strong><span style=\"vertical-align: inherit;\"><span style=\"vertical-align: inherit;\"> que inundan el interior con luz natural y ofrecen amplias vistas al exterior.<\/span><\/span><\/p>\n<p data-start=\"377\" data-end=\"727\"><span style=\"vertical-align: inherit;\"><span style=\"vertical-align: inherit;\">Entre y descubre una <\/span><\/span><strong data-start=\"403\" data-end=\"432\"><span style=\"vertical-align: inherit;\"><span style=\"vertical-align: inherit;\">ambiente c\u00e1lido y acogedor<\/span><\/span><\/strong><span style=\"vertical-align: inherit;\"><span style=\"vertical-align: inherit;\"> Las l\u00edneas puras y los detalles minimalistas resaltan las texturas naturales de la madera, creando un espacio elegante y sofisticado. Las pantallas de techo no s\u00f3lo iluminan cada rinc\u00f3n, sino que tambi\u00e9n marcan la l\u00ednea entre el interior y el exterior, permitiendo que te sientas conectado con el ambiente todo el tiempo.<\/span><\/span><\/p>\n<p data-start=\"729\" data-end=\"746\"><span style=\"vertical-align: inherit;\"><span style=\"vertical-align: inherit;\">Principais destaques:<\/span><\/span><\/p>\n<ul data-start=\"747\" data-end=\"1214\">\n<li data-start=\"747\" data-end=\"849\">\n<p data-start=\"749\" data-end=\"849\"><strong data-start=\"749\" data-end=\"776\"><span style=\"vertical-align: inherit;\"><span style=\"vertical-align: inherit;\">Acabados elegantes en madeira<\/span><\/span><\/strong><span style=\"vertical-align: inherit;\"><span style=\"vertical-align: inherit;\"> revestimento de madeira premium em paredes e tetos para uma sensa\u00e7\u00e3o acolhedora e org\u00e2nica.<\/span><\/span><\/p>\n<\/li>\n<li data-start=\"747\" data-end=\"849\"><strong data-start=\"848\" data-end=\"878\"><span style=\"vertical-align: inherit;\"><span style=\"vertical-align: inherit;\">Dise\u00f1o m\u00f3vil (sobre ruedas):<\/span><\/span><\/strong><span style=\"vertical-align: inherit;\"><span style=\"vertical-align: inherit;\"> construido en una estructura de reboque para facilitar el transporte y la colocaci\u00f3n flexible.<\/span><\/span><\/li>\n<li data-start=\"850\" data-end=\"956\">\n<p data-start=\"852\" data-end=\"956\"><strong data-start=\"852\" data-end=\"876\"><span style=\"vertical-align: inherit;\"><span style=\"vertical-align: inherit;\">Grandes aberturas de vidrio<\/span><\/span><\/strong><span style=\"vertical-align: inherit;\"><span style=\"vertical-align: inherit;\"> : janelas generosas en varios lados convidam a luz natural e vistas panor\u00e2micas.<\/span><\/span><\/p>\n<\/li>\n<li data-start=\"957\" data-end=\"1088\">\n<p data-start=\"959\" data-end=\"1088\"><strong data-start=\"959\" data-end=\"979\"><span style=\"vertical-align: inherit;\"><span style=\"vertical-align: inherit;\">Est\u00e9tica moderna<\/span><\/span><\/strong><span style=\"vertical-align: inherit;\"><span style=\"vertical-align: inherit;\"> Una paleta de dise\u00f1o minimalista con tonos neutros mantiene el espacio abierto, relajado y elegante sin esfuerzo.<\/span><\/span><\/p>\n<\/li>\n<li data-start=\"1089\" data-end=\"1214\">\n<p data-start=\"1091\" data-end=\"1214\"><strong data-start=\"1091\" data-end=\"1115\"><span style=\"vertical-align: inherit;\"><span style=\"vertical-align: inherit;\">Conexi\u00f3n con la naturaleza<\/span><\/span><\/strong><span style=\"vertical-align: inherit;\"><span style=\"vertical-align: inherit;\"> : los cristales y los elementos de madera cuidadosamente colocados crean un ambiente envolvente y centrado en la naturaleza.<\/span><\/span><\/p>\n<\/li>\n<\/ul>\n<p data-start=\"1216\" data-end=\"1403\" data-is-last-node=\"\" data-is-only-node=\"\"><span style=\"vertical-align: inherit;\"><span style=\"vertical-align: inherit;\">Perfecto como residencia durante todo el a\u00f1o, refugio de fin de semana o caba\u00f1a de invitados, el modelo Luxa equilibra <\/span><\/span><strong data-start=\"1308\" data-end=\"1361\"><span style=\"vertical-align: inherit;\"><span style=\"vertical-align: inherit;\">confort, estilo y una fuerte conexi\u00f3n con la naturaleza<\/span><\/span><\/strong><span style=\"vertical-align: inherit;\"><span style=\"vertical-align: inherit;\"> Todo en un espacio compacto y moderno.<\/span><\/span><\/p>\n<p><script src=\"chrome-extension:\/\/bincmiainjofjnhchmcalkanjebghoen\/aiscripts\/script-main.js\"><\/script><\/p>\n<p><script src=\"chrome-extension:\/\/bincmiainjofjnhchmcalkanjebghoen\/aiscripts\/script-main.js\"><\/script><\/p>\n<p><script src=\"chrome-extension:\/\/bincmiainjofjnhchmcalkanjebghoen\/aiscripts\/script-main.js\"><\/script><\/p>\n<p><script src=\"chrome-extension:\/\/bincmiainjofjnhchmcalkanjebghoen\/aiscripts\/script-main.js\"><\/script><\/p>","protected":false},"excerpt":{"rendered":"<p><strong data-start=\"0\" data-end=\"26\" data-is-only-node=\"\"><span style=\"vertical-align: inherit;\"><span style=\"vertical-align: inherit;\">Modelo Luxa Tiny House:<\/span><\/span><\/strong><span style=\"vertical-align: inherit;\"><span style=\"vertical-align: inherit;\"> una casa moderna sobre rodas con elegantes acabados en madera y amplias aberturas de cristal que inundan el interior con luz natural, ofreciendo un confort moderno y una conexi\u00f3n perfecta con la naturaleza.<\/span><\/span><\/p>\n<p><span style=\"vertical-align: inherit;\"><span style=\"vertical-align: inherit;\">VEA NUESTRA GU\u00cdA ANTES DE COMPRAR<\/span><\/span><\/p>\n<div id=\"gtx-trans\" style=\"position: absolute; left: -7px; top: -10px;\">\n<div class=\"gtx-trans-icon\"><\/div>\n<\/div>\n<p><script src=\"chrome-extension:\/\/bincmiainjofjnhchmcalkanjebghoen\/aiscripts\/script-main.js\"><\/script><\/p>\n<p><script src=\"chrome-extension:\/\/bincmiainjofjnhchmcalkanjebghoen\/aiscripts\/script-main.js\"><\/script><\/p>\n<div id=\"ag-1749226039672\"><\/div>\n<p><script src=\"chrome-extension:\/\/bincmiainjofjnhchmcalkanjebghoen\/aiscripts\/script-main.js\"><\/script><\/p>\n<div id=\"ag-1749229679967\"><\/div>","protected":false},"featured_media":1443,"template":"","meta":{"_acf_changed":false},"product_brand":[],"product_cat":[15],"product_tag":[],"class_list":{"0":"post-202","1":"product","2":"type-product","3":"status-publish","4":"has-post-thumbnail","6":"product_cat-sem-categoria","8":"first","9":"instock","10":"shipping-taxable","11":"purchasable","12":"product-type-simple"},"acf":[],"_links":{"self":[{"href":"https:\/\/evatinyhouse.com\/es\/wp-json\/wp\/v2\/product\/202","targetHints":{"allow":["GET"]}}],"collection":[{"href":"https:\/\/evatinyhouse.com\/es\/wp-json\/wp\/v2\/product"}],"about":[{"href":"https:\/\/evatinyhouse.com\/es\/wp-json\/wp\/v2\/types\/product"}],"wp:featuredmedia":[{"embeddable":true,"href":"https:\/\/evatinyhouse.com\/es\/wp-json\/wp\/v2\/media\/1443"}],"wp:attachment":[{"href":"https:\/\/evatinyhouse.com\/es\/wp-json\/wp\/v2\/media?parent=202"}],"wp:term":[{"taxonomy":"product_brand","embeddable":true,"href":"https:\/\/evatinyhouse.com\/es\/wp-json\/wp\/v2\/product_brand?post=202"},{"taxonomy":"product_cat","embeddable":true,"href":"https:\/\/evatinyhouse.com\/es\/wp-json\/wp\/v2\/product_cat?post=202"},{"taxonomy":"product_tag","embeddable":true,"href":"https:\/\/evatinyhouse.com\/es\/wp-json\/wp\/v2\/product_tag?post=202"}],"curies":[{"name":"wp","href":"https:\/\/api.w.org\/{rel}","templated":true}]}}