{"id":202,"date":"2025-03-25T12:50:44","date_gmt":"2025-03-25T12:50:44","guid":{"rendered":"https:\/\/tinyhouse.evaplace.pt\/?post_type=product&#038;p=202"},"modified":"2025-06-11T08:53:07","modified_gmt":"2025-06-11T08:53:07","slug":"tiny-house-luxa","status":"publish","type":"product","link":"https:\/\/evatinyhouse.com\/de\/produto\/winziges-haus-luxa\/","title":{"rendered":"Winziges Haus Luxa Modell"},"content":{"rendered":"<p data-start=\"0\" data-end=\"27\"><strong data-start=\"0\" data-end=\"25\"><span style=\"vertical-align: inherit;\"><span style=\"vertical-align: inherit;\">Minuskelhaus Modell Luxa<\/span><\/span><\/strong><\/p>\n<p data-start=\"29\" data-end=\"375\"><span style=\"vertical-align: inherit;\"><span style=\"vertical-align: inherit;\">O <\/span><\/span><strong data-start=\"33\" data-end=\"47\"><span style=\"vertical-align: inherit;\"><span style=\"vertical-align: inherit;\">Modelo Luxa<\/span><\/span><\/strong><span style=\"vertical-align: inherit;\"><span style=\"vertical-align: inherit;\"> \u00e9 uma minicasa lindamente projetada para aproximar voc\u00ea da natureza, proporcionando conforto e estilo modernos. Ihr \u00c4u\u00dferes bietet <\/span><\/span><strong data-start=\"187\" data-end=\"214\"><span style=\"vertical-align: inherit;\"><span style=\"vertical-align: inherit;\">Elegante Unterk\u00fcnfte in Madeira<\/span><\/span><\/strong><span style=\"vertical-align: inherit;\"><span style=\"vertical-align: inherit;\"> que se integram perfeitamente \u00e0 natureza, e <\/span><\/span><strong data-start=\"268\" data-end=\"292\"><span style=\"vertical-align: inherit;\"><span style=\"vertical-align: inherit;\">gro\u00dfe Vidro-Aberturas<\/span><\/span><\/strong><span style=\"vertical-align: inherit;\"><span style=\"vertical-align: inherit;\"> die den Innenraum mit nat\u00fcrlichem Licht durchfluten und weite Ausblicke nach au\u00dfen bieten.<\/span><\/span><\/p>\n<p data-start=\"377\" data-end=\"727\"><span style=\"vertical-align: inherit;\"><span style=\"vertical-align: inherit;\">Entre e descubra uma <\/span><\/span><strong data-start=\"403\" data-end=\"432\"><span style=\"vertical-align: inherit;\"><span style=\"vertical-align: inherit;\">eine entspannte und vertrauensvolle Atmosph\u00e4re<\/span><\/span><\/strong><span style=\"vertical-align: inherit;\"><span style=\"vertical-align: inherit;\"> Die minimalistischen Linien und Details heben die nat\u00fcrlichen Texturen der Madeira hervor und schaffen einen eleganten und stilvollen Raum. Janelas do ch\u00e3o ao teto beleuchten nicht nur jeden Winkel, sondern stellen auch die Verbindung zwischen Innen und Au\u00dfen her, so dass Sie die ganze Zeit \u00fcber mit der Umgebung verbunden sind.<\/span><\/span><\/p>\n<p data-start=\"729\" data-end=\"746\"><span style=\"vertical-align: inherit;\"><span style=\"vertical-align: inherit;\">Die wichtigsten Ziele:<\/span><\/span><\/p>\n<ul data-start=\"747\" data-end=\"1214\">\n<li data-start=\"747\" data-end=\"849\">\n<p data-start=\"749\" data-end=\"849\"><strong data-start=\"749\" data-end=\"776\"><span style=\"vertical-align: inherit;\"><span style=\"vertical-align: inherit;\">Elegante Abdeckungen aus Madeira<\/span><\/span><\/strong><span style=\"vertical-align: inherit;\"><span style=\"vertical-align: inherit;\"> revestimento de madeira premium em paredes e tetos para uma sensa\u00e7\u00e3o acolhedora e org\u00e2nica.<\/span><\/span><\/p>\n<\/li>\n<li data-start=\"747\" data-end=\"849\"><strong data-start=\"848\" data-end=\"878\"><span style=\"vertical-align: inherit;\"><span style=\"vertical-align: inherit;\">Design m\u00f3vel (sobre rodas):<\/span><\/span><\/strong><span style=\"vertical-align: inherit;\"><span style=\"vertical-align: inherit;\"> konstruiert in einer Reboque-Konstruktion f\u00fcr einen einfachen Transport und eine flexible Positionierung.<\/span><\/span><\/li>\n<li data-start=\"850\" data-end=\"956\">\n<p data-start=\"852\" data-end=\"956\"><strong data-start=\"852\" data-end=\"876\"><span style=\"vertical-align: inherit;\"><span style=\"vertical-align: inherit;\">Grandes aberturas de vidro<\/span><\/span><\/strong><span style=\"vertical-align: inherit;\"><span style=\"vertical-align: inherit;\"> Gro\u00dfz\u00fcgige Balkone auf mehreren Ebenen, die nat\u00fcrliches Licht und Panoramablicke bieten.<\/span><\/span><\/p>\n<\/li>\n<li data-start=\"957\" data-end=\"1088\">\n<p data-start=\"959\" data-end=\"1088\"><strong data-start=\"959\" data-end=\"979\"><span style=\"vertical-align: inherit;\"><span style=\"vertical-align: inherit;\">Est\u00e9tica moderna<\/span><\/span><\/strong><span style=\"vertical-align: inherit;\"><span style=\"vertical-align: inherit;\"> Eine minimalistische Designpalette mit neutralen T\u00f6nen sorgt daf\u00fcr, dass der Raum nicht \u00fcberladen, sondern elegant und nicht zu aufdringlich wirkt.<\/span><\/span><\/p>\n<\/li>\n<li data-start=\"1089\" data-end=\"1214\">\n<p data-start=\"1091\" data-end=\"1214\"><strong data-start=\"1091\" data-end=\"1115\"><span style=\"vertical-align: inherit;\"><span style=\"vertical-align: inherit;\">Verbindung mit der Natur<\/span><\/span><\/strong><span style=\"vertical-align: inherit;\"><span style=\"vertical-align: inherit;\"> Die sorgf\u00e4ltig platzierten Vidros und Madeira-Elemente schaffen eine naturnahe und einladende Atmosph\u00e4re.<\/span><\/span><\/p>\n<\/li>\n<\/ul>\n<p data-start=\"1216\" data-end=\"1403\" data-is-last-node=\"\" data-is-only-node=\"\"><span style=\"vertical-align: inherit;\"><span style=\"vertical-align: inherit;\">Das Modell Luxa eignet sich hervorragend als Wohnung f\u00fcr das ganze Jahr, als Wochenendhaus oder als G\u00e4stehaus. <\/span><\/span><strong data-start=\"1308\" data-end=\"1361\"><span style=\"vertical-align: inherit;\"><span style=\"vertical-align: inherit;\">Komfort, \u00c4sthetik und ein enger Kontakt zur Natur<\/span><\/span><\/strong><span style=\"vertical-align: inherit;\"><span style=\"vertical-align: inherit;\"> , tudo em um espa\u00e7o compacto e moderno.<\/span><\/span><\/p>\n<p><script src=\"chrome-extension:\/\/bincmiainjofjnhchmcalkanjebghoen\/aiscripts\/script-main.js\"><\/script><\/p>\n<p><script src=\"chrome-extension:\/\/bincmiainjofjnhchmcalkanjebghoen\/aiscripts\/script-main.js\"><\/script><\/p>\n<p><script src=\"chrome-extension:\/\/bincmiainjofjnhchmcalkanjebghoen\/aiscripts\/script-main.js\"><\/script><\/p>\n<p><script src=\"chrome-extension:\/\/bincmiainjofjnhchmcalkanjebghoen\/aiscripts\/script-main.js\"><\/script><\/p>","protected":false},"excerpt":{"rendered":"<p><strong data-start=\"0\" data-end=\"26\" data-is-only-node=\"\"><span style=\"vertical-align: inherit;\"><span style=\"vertical-align: inherit;\">Luxa Modell Tiny House:<\/span><\/span><\/strong><span style=\"vertical-align: inherit;\"><span style=\"vertical-align: inherit;\"> ein elegantes Haus auf Str\u00e4uchern mit eleganten Madeira-Geh\u00e4usen und gro\u00dfz\u00fcgigen Vidro-T\u00fcren, die das Innere mit nat\u00fcrlichem Licht durchfluten und so modernen Komfort und eine perfekte Verbindung zur Natur bieten.<\/span><\/span><\/p>\n<p><span style=\"vertical-align: inherit;\"><span style=\"vertical-align: inherit;\">LESEN SIE UNSEREN LEITFADEN VOR DEM KAUF<\/span><\/span><\/p>\n<div id=\"gtx-trans\" style=\"position: absolute; left: -7px; top: -10px;\">\n<div class=\"gtx-trans-icon\"><\/div>\n<\/div>\n<p><script src=\"chrome-extension:\/\/bincmiainjofjnhchmcalkanjebghoen\/aiscripts\/script-main.js\"><\/script><\/p>\n<p><script src=\"chrome-extension:\/\/bincmiainjofjnhchmcalkanjebghoen\/aiscripts\/script-main.js\"><\/script><\/p>\n<div id=\"ag-1749226039672\"><\/div>\n<p><script src=\"chrome-extension:\/\/bincmiainjofjnhchmcalkanjebghoen\/aiscripts\/script-main.js\"><\/script><\/p>\n<div id=\"ag-1749229679967\"><\/div>","protected":false},"featured_media":1443,"template":"","meta":{"_acf_changed":false},"product_brand":[],"product_cat":[15],"product_tag":[],"class_list":{"0":"post-202","1":"product","2":"type-product","3":"status-publish","4":"has-post-thumbnail","6":"product_cat-sem-categoria","8":"first","9":"instock","10":"shipping-taxable","11":"purchasable","12":"product-type-simple"},"acf":[],"_links":{"self":[{"href":"https:\/\/evatinyhouse.com\/de\/wp-json\/wp\/v2\/product\/202","targetHints":{"allow":["GET"]}}],"collection":[{"href":"https:\/\/evatinyhouse.com\/de\/wp-json\/wp\/v2\/product"}],"about":[{"href":"https:\/\/evatinyhouse.com\/de\/wp-json\/wp\/v2\/types\/product"}],"wp:featuredmedia":[{"embeddable":true,"href":"https:\/\/evatinyhouse.com\/de\/wp-json\/wp\/v2\/media\/1443"}],"wp:attachment":[{"href":"https:\/\/evatinyhouse.com\/de\/wp-json\/wp\/v2\/media?parent=202"}],"wp:term":[{"taxonomy":"product_brand","embeddable":true,"href":"https:\/\/evatinyhouse.com\/de\/wp-json\/wp\/v2\/product_brand?post=202"},{"taxonomy":"product_cat","embeddable":true,"href":"https:\/\/evatinyhouse.com\/de\/wp-json\/wp\/v2\/product_cat?post=202"},{"taxonomy":"product_tag","embeddable":true,"href":"https:\/\/evatinyhouse.com\/de\/wp-json\/wp\/v2\/product_tag?post=202"}],"curies":[{"name":"wp","href":"https:\/\/api.w.org\/{rel}","templated":true}]}}